{"id":532,"date":"2012-03-12T23:47:53","date_gmt":"2012-03-12T23:47:53","guid":{"rendered":"http:\/\/www.llanaelhaearn.com\/?page_id=532"},"modified":"2017-07-30T17:41:18","modified_gmt":"2017-07-30T16:41:18","slug":"newyddion-st-aelhaearn","status":"publish","type":"page","link":"https:\/\/llanaelhaearn.com\/cy\/llefydd\/eglwys-st-aelhaearn\/newyddion-st-aelhaearn\/","title":{"rendered":"Newyddion St. Aelhaearn"},"content":{"rendered":"<p><strong>\u00a0<\/strong><\/p>\n<p>&nbsp;<\/p>\n<p>&nbsp;<\/p>\n<p><strong>2017<\/strong><\/p>\n<p><strong>Y Ffair Haf<\/strong><\/p>\n<p>Diolch\u00a0i bawb a ddaeth\u00a0i gefnogi. Y tywydd wedi dal yn sych.<\/p>\n<p><a href=\"http:\/\/llanaelhaearn.com\/wp-content\/uploads\/2012\/03\/fair-ha-2.jpg\"><img loading=\"lazy\" decoding=\"async\" class=\"alignnone size-medium wp-image-1777\" src=\"http:\/\/llanaelhaearn.com\/wp-content\/uploads\/2012\/03\/fair-ha-2-300x225.jpg\" alt=\"\" width=\"300\" height=\"225\" srcset=\"https:\/\/llanaelhaearn.com\/wp-content\/uploads\/2012\/03\/fair-ha-2-300x225.jpg 300w, https:\/\/llanaelhaearn.com\/wp-content\/uploads\/2012\/03\/fair-ha-2-768x576.jpg 768w, https:\/\/llanaelhaearn.com\/wp-content\/uploads\/2012\/03\/fair-ha-2-400x300.jpg 400w, https:\/\/llanaelhaearn.com\/wp-content\/uploads\/2012\/03\/fair-ha-2.jpg 800w\" sizes=\"auto, (max-width: 300px) 100vw, 300px\" \/><\/a><\/p>\n<p>Parch Lloyd Jones a&#8217;r Parch Casi Jones<\/p>\n<p><a href=\"http:\/\/llanaelhaearn.com\/wp-content\/uploads\/2012\/03\/fair-ha-3.jpg\"><img loading=\"lazy\" decoding=\"async\" class=\"alignnone size-medium wp-image-1778\" src=\"http:\/\/llanaelhaearn.com\/wp-content\/uploads\/2012\/03\/fair-ha-3-300x225.jpg\" alt=\"\" width=\"300\" height=\"225\" srcset=\"https:\/\/llanaelhaearn.com\/wp-content\/uploads\/2012\/03\/fair-ha-3-300x225.jpg 300w, https:\/\/llanaelhaearn.com\/wp-content\/uploads\/2012\/03\/fair-ha-3-768x576.jpg 768w, https:\/\/llanaelhaearn.com\/wp-content\/uploads\/2012\/03\/fair-ha-3-400x300.jpg 400w, https:\/\/llanaelhaearn.com\/wp-content\/uploads\/2012\/03\/fair-ha-3.jpg 800w\" sizes=\"auto, (max-width: 300px) 100vw, 300px\" \/><\/a><\/p>\n<p>Canon Peter James-gemau plant<\/p>\n<p><a href=\"http:\/\/llanaelhaearn.com\/wp-content\/uploads\/2012\/03\/fair-ha-4.jpg\"><img loading=\"lazy\" decoding=\"async\" class=\"alignnone size-medium wp-image-1779\" src=\"http:\/\/llanaelhaearn.com\/wp-content\/uploads\/2012\/03\/fair-ha-4-300x225.jpg\" alt=\"\" width=\"300\" height=\"225\" srcset=\"https:\/\/llanaelhaearn.com\/wp-content\/uploads\/2012\/03\/fair-ha-4-300x225.jpg 300w, https:\/\/llanaelhaearn.com\/wp-content\/uploads\/2012\/03\/fair-ha-4-768x576.jpg 768w, https:\/\/llanaelhaearn.com\/wp-content\/uploads\/2012\/03\/fair-ha-4-400x300.jpg 400w, https:\/\/llanaelhaearn.com\/wp-content\/uploads\/2012\/03\/fair-ha-4.jpg 800w\" sizes=\"auto, (max-width: 300px) 100vw, 300px\" \/><\/a><\/p>\n<p>Mrs Edwina Lloyd Hughes a Mrs Rose Williams yn gofalu am y raffyl<\/p>\n<p><a href=\"http:\/\/llanaelhaearn.com\/wp-content\/uploads\/2012\/03\/fair-ha-5.jpg\"><img loading=\"lazy\" decoding=\"async\" class=\"alignnone size-medium wp-image-1780\" src=\"http:\/\/llanaelhaearn.com\/wp-content\/uploads\/2012\/03\/fair-ha-5-300x225.jpg\" alt=\"\" width=\"300\" height=\"225\" srcset=\"https:\/\/llanaelhaearn.com\/wp-content\/uploads\/2012\/03\/fair-ha-5-300x225.jpg 300w, https:\/\/llanaelhaearn.com\/wp-content\/uploads\/2012\/03\/fair-ha-5-768x576.jpg 768w, https:\/\/llanaelhaearn.com\/wp-content\/uploads\/2012\/03\/fair-ha-5-400x300.jpg 400w, https:\/\/llanaelhaearn.com\/wp-content\/uploads\/2012\/03\/fair-ha-5.jpg 800w\" sizes=\"auto, (max-width: 300px) 100vw, 300px\" \/><\/a><\/p>\n<p>Dant melys gan rhywun!<\/p>\n<p><a href=\"http:\/\/llanaelhaearn.com\/wp-content\/uploads\/2012\/03\/fair-ha-6.jpg\"><img loading=\"lazy\" decoding=\"async\" class=\"alignnone size-medium wp-image-1781\" src=\"http:\/\/llanaelhaearn.com\/wp-content\/uploads\/2012\/03\/fair-ha-6-300x225.jpg\" alt=\"\" width=\"300\" height=\"225\" srcset=\"https:\/\/llanaelhaearn.com\/wp-content\/uploads\/2012\/03\/fair-ha-6-300x225.jpg 300w, https:\/\/llanaelhaearn.com\/wp-content\/uploads\/2012\/03\/fair-ha-6-768x576.jpg 768w, https:\/\/llanaelhaearn.com\/wp-content\/uploads\/2012\/03\/fair-ha-6-400x300.jpg 400w, https:\/\/llanaelhaearn.com\/wp-content\/uploads\/2012\/03\/fair-ha-6.jpg 800w\" sizes=\"auto, (max-width: 300px) 100vw, 300px\" \/><\/a><\/p>\n<p>Castell nedio dan ofal Mrs Sianelen Pleming<\/p>\n<p><a href=\"http:\/\/llanaelhaearn.com\/wp-content\/uploads\/2012\/03\/fair-ha-7.jpg\"><img loading=\"lazy\" decoding=\"async\" class=\"alignnone size-medium wp-image-1782\" src=\"http:\/\/llanaelhaearn.com\/wp-content\/uploads\/2012\/03\/fair-ha-7-300x225.jpg\" alt=\"\" width=\"300\" height=\"225\" srcset=\"https:\/\/llanaelhaearn.com\/wp-content\/uploads\/2012\/03\/fair-ha-7-300x225.jpg 300w, https:\/\/llanaelhaearn.com\/wp-content\/uploads\/2012\/03\/fair-ha-7-768x576.jpg 768w, https:\/\/llanaelhaearn.com\/wp-content\/uploads\/2012\/03\/fair-ha-7-400x300.jpg 400w, https:\/\/llanaelhaearn.com\/wp-content\/uploads\/2012\/03\/fair-ha-7.jpg 800w\" sizes=\"auto, (max-width: 300px) 100vw, 300px\" \/><\/a><\/p>\n<p>BBQ-Mr Kelvin Pleming yn ffrio heno<\/p>\n<p><a href=\"http:\/\/llanaelhaearn.com\/wp-content\/uploads\/2012\/03\/fair-ha-8.jpg\"><img loading=\"lazy\" decoding=\"async\" class=\"alignnone size-medium wp-image-1783\" src=\"http:\/\/llanaelhaearn.com\/wp-content\/uploads\/2012\/03\/fair-ha-8-300x225.jpg\" alt=\"\" width=\"300\" height=\"225\" srcset=\"https:\/\/llanaelhaearn.com\/wp-content\/uploads\/2012\/03\/fair-ha-8-300x225.jpg 300w, https:\/\/llanaelhaearn.com\/wp-content\/uploads\/2012\/03\/fair-ha-8-768x576.jpg 768w, https:\/\/llanaelhaearn.com\/wp-content\/uploads\/2012\/03\/fair-ha-8-400x300.jpg 400w, https:\/\/llanaelhaearn.com\/wp-content\/uploads\/2012\/03\/fair-ha-8.jpg 800w\" sizes=\"auto, (max-width: 300px) 100vw, 300px\" \/><\/a><\/p>\n<p>Mrs Christine Jenkins a Mrs Kit Ellis cecs o fri<\/p>\n<p><a href=\"http:\/\/llanaelhaearn.com\/wp-content\/uploads\/2012\/03\/fair-ha-9.jpg\"><img loading=\"lazy\" decoding=\"async\" class=\"alignnone size-medium wp-image-1784\" src=\"http:\/\/llanaelhaearn.com\/wp-content\/uploads\/2012\/03\/fair-ha-9-300x225.jpg\" alt=\"\" width=\"300\" height=\"225\" srcset=\"https:\/\/llanaelhaearn.com\/wp-content\/uploads\/2012\/03\/fair-ha-9-300x225.jpg 300w, https:\/\/llanaelhaearn.com\/wp-content\/uploads\/2012\/03\/fair-ha-9-768x576.jpg 768w, https:\/\/llanaelhaearn.com\/wp-content\/uploads\/2012\/03\/fair-ha-9-400x300.jpg 400w, https:\/\/llanaelhaearn.com\/wp-content\/uploads\/2012\/03\/fair-ha-9.jpg 800w\" sizes=\"auto, (max-width: 300px) 100vw, 300px\" \/><\/a><\/p>\n<p>Paratoi y tombola Mrs Lynda Cox, Mrs Bethan Pritchard, Mrs Caren Humphreys a Llinos Jones<\/p>\n<p>&nbsp;<\/p>\n<p>&nbsp;<\/p>\n<p>&nbsp;<\/p>\n<p>&nbsp;<\/p>\n<p><strong>Ffair Haf<\/strong><\/p>\n<p>Cynhelir y Ffair ar nos Fawrth 18 o Orffenaf ar y Cae Chwarae\/Canolfan y Babell. Tal mynediad \u00a31. Fe fydd BBQ, Gemau, Raffyl, Tombola a mwy. Hwyl i&#8217;r teulu oll dewcg draw\u00a0i fwynhau<\/p>\n<p><!-- x-tinymce\/html --><!-- x-tinymce\/html --><strong><a href=\"http:\/\/llanaelhaearn.com\/wp-content\/uploads\/2012\/03\/img028.jpg\"><img loading=\"lazy\" decoding=\"async\" class=\"alignnone size-medium wp-image-1649\" src=\"http:\/\/llanaelhaearn.com\/wp-content\/uploads\/2012\/03\/img028-217x300.jpg\" alt=\"\" width=\"217\" height=\"300\" srcset=\"https:\/\/llanaelhaearn.com\/wp-content\/uploads\/2012\/03\/img028-217x300.jpg 217w, https:\/\/llanaelhaearn.com\/wp-content\/uploads\/2012\/03\/img028-768x1061.jpg 768w, https:\/\/llanaelhaearn.com\/wp-content\/uploads\/2012\/03\/img028-741x1024.jpg 741w\" sizes=\"auto, (max-width: 217px) 100vw, 217px\" \/><\/a><\/strong><\/p>\n<p>&nbsp;<\/p>\n<p><strong>Cyfarfod Blynyddol<\/strong><\/p>\n<p>Cynhaliwyd y Cyfarfod Blynyddol ar ol y Boreol Weddi. Diolchwyd\u00a0i bawb gan y ficer y Parch Lloyd Jones, \u00a0sydd wedi gweithio\u00a0i gynnal ein heglwys tros y flwyddyn diwethaf mewn unrhyw ffordd. A diolch arbennig\u00a0i Mrs Edwina Lloyd Hughes sydd am adael ei swydd fel trysorydd ar ol tros 50 o flynyddoedd. Fe fydd Mrs Helen Williams Ellis yn ymgymeryd a&#8217;r sewyyd at diwedd y flwyddyn. Fe fydd y swyddogion eraill fel o&#8217;r blaen.<\/p>\n<p>Mae&#8217;r eglwys yn agored ar ddydd sadwrn yn ystod tymor yr Haf o 10:00 tan 4:00 os bydd rhywun am ymweld a hi.<\/p>\n<p>&nbsp;<\/p>\n<p>*************************************************************************<\/p>\n<p>&nbsp;<\/p>\n<p><strong>2013<\/strong><\/p>\n<div id=\"id_5133425c52b194389902564\">Mae Esgob Andrew yn falch i gyhoeddi bod y Parchedig Lloyd Jones wedi\u2019i apwyntio i fod yn Ficer Ardal Gweinidogaethu Beuno Sant Uwch Gwyrfai (sef yr ardal o gwmpas Clynnog, Llanaelhaearn, Penygroes a Llanwnda \/ Llandwrog). Bydd Lloyd yn gorffen yn y Felinheli a&#8217;r cylch ar Sul y Pasg cyn iddo fo a\u2019i deulu symud i fyw yng Nghlynnog. Bydd Lloyd yn cymryd cyfnod sabothol cyn iddo gael ei drwyddedi a&#8230;r nos Iau 11 Gorffennaf, am 7yh yn Eglwys Beuno Sant, Clynnog<\/div>\n<p><strong>Cyfarfod<\/strong><\/p>\n<p>Fe fydd Esgob Bangor yn cyfarfod gyda Cyngor Plwyfol Eglwysi Sant Aelhaearn, Sant Beuno, Llanwnda, Llandwrog a Dyffryn Nantlle( yr eglwysi yn ein grwp ni) ar 31\/5\/12 i drafod y ffordd ymlaen<\/p>\n<p>Yn ystod 2010\/2011 fe wariwyd o ddetu \u00a3200,000 ar adnewyddu&#8217;r eglwys gyfan. Mae&#8217;n debyg mai hwn oedd y gwaith mwyaf erioed i&#8217;w wneud i&#8217;r adeilad. Y pensaer oedd Alun Meirion Jones o Bartneriaeth ap Thomas, Bangor a&#8217;r adeiladwyr oedd L. Sturrs a&#8217;i Fab, Bethesda. Wrth weithio ar y llwybr o gwmpas yr eglwys darganfuwyd llawer o esgyrn a bu&#8217;n rhaid anfon rhai i ffwrdd i gynnal profion. fe ddaeth yn amlwg fod rhai dros 100 mlwydd oed. Ail gladdwyd yr esgyrn mewn gwasanaeth syml a luniwyd gan y rheithor y Canon Idris Thomas.<\/p>\n<div>\n<dl id=\"attachment_556\">\n<dt><a href=\"http:\/\/www.llanaelhaearn.com\/wp-content\/uploads\/2012\/03\/for-print1.jpg\"><img loading=\"lazy\" decoding=\"async\" title=\"for print\" src=\"http:\/\/www.llanaelhaearn.com\/wp-content\/uploads\/2012\/03\/for-print1.jpg\" alt=\"\" width=\"2688\" height=\"2388\" \/><\/a><\/dt>\n<dd>Canon Idris Thomas a rhai o&#8217;r gweithwyr y tu allan i&#8217;r eglwys Mawrth 2010, Jeff Sturrs ar y dde a Hywel Gwynfryn yn sefyll yn y cefn<\/dd>\n<\/dl>\n<\/div>\n<div>\n<dl id=\"attachment_560\">\n<dt><a href=\"http:\/\/www.llanaelhaearn.com\/wp-content\/uploads\/2012\/03\/IMG_2915.jpg\"><img loading=\"lazy\" decoding=\"async\" title=\"IMG_2915\" src=\"http:\/\/www.llanaelhaearn.com\/wp-content\/uploads\/2012\/03\/IMG_2915.jpg\" alt=\"\" width=\"3888\" height=\"2592\" \/><\/a><\/dt>\n<dd>Ail gladdu&#8217;r esgyrn<\/dd>\n<\/dl>\n<\/div>\n<div>\n<dl id=\"attachment_563\">\n<dt><a href=\"http:\/\/www.llanaelhaearn.com\/wp-content\/uploads\/2012\/03\/IMG_29161.jpg\"><img loading=\"lazy\" decoding=\"async\" title=\"IMG_2916\" src=\"http:\/\/www.llanaelhaearn.com\/wp-content\/uploads\/2012\/03\/IMG_29161.jpg\" alt=\"\" width=\"3888\" height=\"2592\" \/><\/a><\/dt>\n<dd>Ail gladdu&#8217;r esgyrn ch.i dde Alun Merion Jones, Pat Sturrs, Jeff Sturrs, Mike Atkin, Keri Williams<\/dd>\n<\/dl>\n<\/div>\n<p>&nbsp;<\/p>\n<p><strong>Ymddeol<\/strong><\/p>\n<p>Ar dydd Sul 25ed Medi daeth dyrfa fawr ynghyd i ddiolch am weinidogaeth y Canon Idris Thomas. Gyda tristwch mawr yr oedd yr amser wedi dod i ffarwelio a Canon Thomas ar ol trideg chwech a hanner o flynyddoedd yn y plwyf, cyflwnwyd tysteb teilwng iawn iddo ar ran y gyneulleidfa. Wedyn aeth pawb i Ganolfan y Babell am luniaeth ysgafn.<\/p>\n<p><img loading=\"lazy\" decoding=\"async\" title=\"Rose Ann Idris Mike\" src=\"http:\/\/www.llanaelhaearn.com\/wp-content\/uploads\/2012\/03\/Rose-Ann-Idris-Mike.jpg\" alt=\"\" width=\"640\" height=\"480\" \/>Ch i Dde Mrs Rose Williams, Mrs Ann THomas, Canon Idris Thomas, Mr Mike Atkin<\/p>\n<p><a href=\"http:\/\/www.llanaelhaearn.com\/wp-content\/uploads\/2012\/03\/Llun-2-.jpg\"><img loading=\"lazy\" decoding=\"async\" title=\"Llun 2\" src=\"http:\/\/www.llanaelhaearn.com\/wp-content\/uploads\/2012\/03\/Llun-2-.jpg\" alt=\"\" width=\"640\" height=\"480\" \/><\/a> Canon a Mrs Thomas gyda&#8217;r darlun a gyflwynwyd iddynt gan yr arlynudd lleol enwog Mr John Baum<\/p>\n<p><a href=\"http:\/\/www.llanaelhaearn.com\/wp-content\/uploads\/2012\/03\/Torri-Cacen.jpg\"><img loading=\"lazy\" decoding=\"async\" title=\"Torri Cacen\" src=\"http:\/\/www.llanaelhaearn.com\/wp-content\/uploads\/2012\/03\/Torri-Cacen.jpg\" alt=\"\" width=\"640\" height=\"480\" \/><\/a><\/p>\n<p><strong>Interregnum<\/strong><\/p>\n<p>Yn ystod y cyfnod yma bydd y Deon Bro y Parch Lloyd Jones yn gyfrifol am y plwyf. Dylai unrhyw un sy&#8217;n dymuno priodi yn yr eglwys, bedyddio neu ar gyfer angladd cysylltu ag ef ar 01248 670212 neu trwy gysylltu \u00e2&#8217;c ysgrifennydd yr eglwys Mrs Lynda Cox 01758 750474 neu un o&#8217;r wardeniaid-Mr Mike Atkin neu Mrs Rose Williams<\/p>\n<p>Yn ystod cyfarfod gyda Archddeacon Bangor, yr Hybarch Paul Davies cafodd y Cyngor Plwyfol Eglwysig gwybod na fydd ficer newydd yn cael ei benodi i blwyf Llanaelhaearn. Mae&#8217;r esgobaeth yn edrych ar grwpiau o eglwysi ymuno \u00e2&#8217;i gilydd. Bydd ein gr\u0175p yn \u00f4l pob tebyg yn cynnwys Clynnog Fawr, Llanwnda, Llandwrog a Dyffryn Nantlle ac wrth sgwrs Llanaelhaearn . Mae&#8217;r CPE wedi cael sicrwydd gan yr Esgob y bydd y rheithor newydd yn gallu siarad ac ysgrifennu yn y Gymraeg. Mae hyn yn arbennig o bwysig i ni yma gan ein bod o fewn, un o&#8217;r ardaloedd mwyaf Cymreig yng Ngwynedd. Mae&#8217;r Cyngor Plwyfol Eglwysig wedi bod yn gweithio ar y Proffil y Plwyf fydd yn cael ei rhoi at ei gilydd gyda&#8217;r eglwysi eraill yn y gr\u0175p a&#8217;i anfon at unrhyw ymgeiswyr sydd \u00e2 diddordeb ar gyfer y plwyf newydd a fydd yn cael ei alw yn Plwyf Clynnog Fawr.<\/p>\n<p>&nbsp;<\/p>\n<div><\/div>\n<p>&nbsp;<\/p>\n<p>&nbsp;<\/p>\n","protected":false},"excerpt":{"rendered":"<p>\u00a0 &nbsp; &nbsp; 2017 Y Ffair Haf Diolch\u00a0i bawb a ddaeth\u00a0i gefnogi. Y tywydd wedi dal yn sych. Parch Lloyd Jones a&#8217;r Parch Casi Jones Canon Peter James-gemau plant Mrs Edwina Lloyd Hughes a Mrs Rose Williams yn gofalu am &hellip; <a href=\"https:\/\/llanaelhaearn.com\/cy\/llefydd\/eglwys-st-aelhaearn\/newyddion-st-aelhaearn\/\">Parhau i ddarllen <span class=\"meta-nav\">&rarr;<\/span><\/a><\/p>\n","protected":false},"author":2,"featured_media":0,"parent":169,"menu_order":0,"comment_status":"closed","ping_status":"closed","template":"sidebar-page.php","meta":{"footnotes":""},"class_list":["post-532","page","type-page","status-publish","hentry"],"_links":{"self":[{"href":"https:\/\/llanaelhaearn.com\/cy\/wp-json\/wp\/v2\/pages\/532","targetHints":{"allow":["GET"]}}],"collection":[{"href":"https:\/\/llanaelhaearn.com\/cy\/wp-json\/wp\/v2\/pages"}],"about":[{"href":"https:\/\/llanaelhaearn.com\/cy\/wp-json\/wp\/v2\/types\/page"}],"author":[{"embeddable":true,"href":"https:\/\/llanaelhaearn.com\/cy\/wp-json\/wp\/v2\/users\/2"}],"replies":[{"embeddable":true,"href":"https:\/\/llanaelhaearn.com\/cy\/wp-json\/wp\/v2\/comments?post=532"}],"version-history":[{"count":15,"href":"https:\/\/llanaelhaearn.com\/cy\/wp-json\/wp\/v2\/pages\/532\/revisions"}],"predecessor-version":[{"id":1788,"href":"https:\/\/llanaelhaearn.com\/cy\/wp-json\/wp\/v2\/pages\/532\/revisions\/1788"}],"up":[{"embeddable":true,"href":"https:\/\/llanaelhaearn.com\/cy\/wp-json\/wp\/v2\/pages\/169"}],"wp:attachment":[{"href":"https:\/\/llanaelhaearn.com\/cy\/wp-json\/wp\/v2\/media?parent=532"}],"curies":[{"name":"wp","href":"https:\/\/api.w.org\/{rel}","templated":true}]}}