{"id":205,"date":"2012-02-25T13:33:50","date_gmt":"2012-02-25T13:33:50","guid":{"rendered":"http:\/\/dev.llanaelhaearn.com\/?page_id=205"},"modified":"2017-07-07T14:24:21","modified_gmt":"2017-07-07T13:24:21","slug":"robert-lambert-gapper-1897-1984","status":"publish","type":"page","link":"https:\/\/llanaelhaearn.com\/cy\/pobl\/robert-lambert-gapper-1897-1984\/","title":{"rendered":"Robert Lambert Gapper (1897-1984)"},"content":{"rendered":"<p><!-- x-tinymce\/html --><!-- x-tinymce\/html --><\/p>\n<p><a href=\"http:\/\/llanaelhaearn.com\/wp-content\/uploads\/2012\/02\/rlgapper.jpg\"><img loading=\"lazy\" decoding=\"async\" class=\"alignnone size-full wp-image-61\" src=\"http:\/\/llanaelhaearn.com\/wp-content\/uploads\/2012\/02\/rlgapper.jpg\" alt=\"\" width=\"251\" height=\"300\" \/><\/a>\u00a0<a href=\"http:\/\/llanaelhaearn.com\/wp-content\/uploads\/2012\/02\/rlgapper_3.jpg\"><img loading=\"lazy\" decoding=\"async\" class=\"alignnone size-medium wp-image-64\" src=\"http:\/\/llanaelhaearn.com\/wp-content\/uploads\/2012\/02\/rlgapper_3-235x300.jpg\" alt=\"\" width=\"235\" height=\"300\" srcset=\"https:\/\/llanaelhaearn.com\/wp-content\/uploads\/2012\/02\/rlgapper_3-235x300.jpg 235w, https:\/\/llanaelhaearn.com\/wp-content\/uploads\/2012\/02\/rlgapper_3.jpg 377w\" sizes=\"auto, (max-width: 235px) 100vw, 235px\" \/><\/a><\/p>\n<p>&nbsp;<\/p>\n<p>&nbsp;<\/p>\n<p><!-- x-tinymce\/html --><!-- x-tinymce\/html --><a href=\"http:\/\/llanaelhaearn.com\/wp-content\/uploads\/2012\/02\/rlgapper_1.jpg\"><img loading=\"lazy\" decoding=\"async\" class=\"alignnone size-medium wp-image-62\" src=\"http:\/\/llanaelhaearn.com\/wp-content\/uploads\/2012\/02\/rlgapper_1-287x300.jpg\" alt=\"\" width=\"287\" height=\"300\" srcset=\"https:\/\/llanaelhaearn.com\/wp-content\/uploads\/2012\/02\/rlgapper_1-287x300.jpg 287w, https:\/\/llanaelhaearn.com\/wp-content\/uploads\/2012\/02\/rlgapper_1.jpg 460w\" sizes=\"auto, (max-width: 287px) 100vw, 287px\" \/><\/a><\/p>\n<p><!-- x-tinymce\/html --><!-- x-tinymce\/html --><a href=\"http:\/\/llanaelhaearn.com\/wp-content\/uploads\/2012\/02\/rlgapper_2.jpg\"><img loading=\"lazy\" decoding=\"async\" class=\"alignnone size-medium wp-image-63\" src=\"http:\/\/llanaelhaearn.com\/wp-content\/uploads\/2012\/02\/rlgapper_2-230x300.jpg\" alt=\"\" width=\"230\" height=\"300\" srcset=\"https:\/\/llanaelhaearn.com\/wp-content\/uploads\/2012\/02\/rlgapper_2-230x300.jpg 230w, https:\/\/llanaelhaearn.com\/wp-content\/uploads\/2012\/02\/rlgapper_2.jpg 369w\" sizes=\"auto, (max-width: 230px) 100vw, 230px\" \/><\/a><\/p>\n<p>Un arall o deulu dawnus Uwchlawffynnon. Aeth i ysgol fach y pentref ac yna mynd ar ei feic yn ddyddiol i Ysgol Ramadeg Pwllheli, cyn mynd yn 16 oed i Goldsmiths College yn Llundain i astudio celf wedi i\u2019w ddawn ddisglair yn y pwnc ddod yn fuan i\u2019r amlwg.<\/p>\n<p>Ymunodd a\u2019r fyddin ar ddechrau\u2019r rhyfel byd cyntaf a chafodd ei anrhydeddu ddwywaith am ei ddewder ar faes y g\u00e2d. Yno fe wynebodd erchyllterau na fynnai s\u00f4n amdanynt. Anafodd ei ddwylo yn ystod y rhyfel ac ni allai fynd yn \u00f4l i fod yn arlunydd na cherflunydd am beth amser. Am 4 blynedd gweithiodd fel peirianydd trydanol yn Rugby.<\/p>\n<p>Yn 1922 graddiodd ym Mhrifysgol Bangor. Roedd hefyd yn disgleirio ym myd chwaraeon ac ennilliodd y Victor Ludorum yn 1920 am redeg a neidio. Tra yn Rugby death yn ysgrifennydd y Gymdeithas Gymraeg, a death yn ddirprwy bennaeth Ysgol Gelf Rugby yn 1923 i 1927, lle y rhoddodd wersi mewn arlunio a cherflunio.<\/p>\n<p>Aeth i Lundain pan oedd yn 29 oed i ddatblygu ei ddawn ymhellach a mynd yn fyfyriwr yn y Coleg Brenhinol o 1927 i 1930. Ennilliodd lawer o wobrau yn yr Eisteddgod Genedlaethol, a nifer o anrhydeddau pwysig eraill ym myd Celf a Chrefft.<\/p>\n<p>Aeth drwy Ewrop i\u2019r Eidal ar \u00f4l ennill ysgoloriaeth o Lundain. Yno ysbrydolwyd ef i gerflunio gan ddefnyddio carreg Ithfaen galed ei fro enedigol. Dychwelodd i Gymru yn 1931 lle y bu yn cerfio delwau o enwigion fel Syr John Morris Jones. Symudodd i Aberystwyth yn 1934 fel dirprwy ddarlithydd, ac i fod yn gyfryfol am yr Adran Celf a Chrefft ac yn guradur yn 1936. Brwydrodd yn galed i gadw\u2019r adran hon yn agored yng Ngholeg Prifysgol Aberystwyth. Bu yn byw yn Aberystwyth gyda\u2019i wraig Florence a\u2019i pedwar plentyn.<\/p>\n<p>Ef a ddyluniodd clawr llyfr ei gefnder Syr David Hughes Parry \u201cO Bentref Llanaelhaearn i dref Llundain ac yn 1944 dyluniodd bathodyn adnabyddus yr Urdd.<\/p>\n","protected":false},"excerpt":{"rendered":"<p>\u00a0 &nbsp; &nbsp; Un arall o deulu dawnus Uwchlawffynnon. Aeth i ysgol fach y pentref ac yna mynd ar ei feic yn ddyddiol i Ysgol Ramadeg Pwllheli, cyn mynd yn 16 oed i Goldsmiths College yn Llundain i astudio celf &hellip; <a href=\"https:\/\/llanaelhaearn.com\/cy\/pobl\/robert-lambert-gapper-1897-1984\/\">Parhau i ddarllen <span class=\"meta-nav\">&rarr;<\/span><\/a><\/p>\n","protected":false},"author":2,"featured_media":0,"parent":164,"menu_order":0,"comment_status":"closed","ping_status":"closed","template":"sidebar-page.php","meta":{"footnotes":""},"class_list":["post-205","page","type-page","status-publish","hentry"],"_links":{"self":[{"href":"https:\/\/llanaelhaearn.com\/cy\/wp-json\/wp\/v2\/pages\/205","targetHints":{"allow":["GET"]}}],"collection":[{"href":"https:\/\/llanaelhaearn.com\/cy\/wp-json\/wp\/v2\/pages"}],"about":[{"href":"https:\/\/llanaelhaearn.com\/cy\/wp-json\/wp\/v2\/types\/page"}],"author":[{"embeddable":true,"href":"https:\/\/llanaelhaearn.com\/cy\/wp-json\/wp\/v2\/users\/2"}],"replies":[{"embeddable":true,"href":"https:\/\/llanaelhaearn.com\/cy\/wp-json\/wp\/v2\/comments?post=205"}],"version-history":[{"count":4,"href":"https:\/\/llanaelhaearn.com\/cy\/wp-json\/wp\/v2\/pages\/205\/revisions"}],"predecessor-version":[{"id":1646,"href":"https:\/\/llanaelhaearn.com\/cy\/wp-json\/wp\/v2\/pages\/205\/revisions\/1646"}],"up":[{"embeddable":true,"href":"https:\/\/llanaelhaearn.com\/cy\/wp-json\/wp\/v2\/pages\/164"}],"wp:attachment":[{"href":"https:\/\/llanaelhaearn.com\/cy\/wp-json\/wp\/v2\/media?parent=205"}],"curies":[{"name":"wp","href":"https:\/\/api.w.org\/{rel}","templated":true}]}}